{"id":168,"date":"2023-12-07T17:10:24","date_gmt":"2023-12-07T17:10:24","guid":{"rendered":"https:\/\/Rosenthal-Uelsen.de\/?page_id=168"},"modified":"2026-04-06T20:37:19","modified_gmt":"2026-04-06T20:37:19","slug":"offnungszeiten","status":"publish","type":"page","link":"https:\/\/Rosenthal-Uelsen.de\/?page_id=168","title":{"rendered":"\u00d6ffnungszeiten"},"content":{"rendered":"\n<figure class=\"wp-block-image size-large\"><img loading=\"lazy\" decoding=\"async\" width=\"1400\" height=\"990\" src=\"https:\/\/Rosenthal-Uelsen.de\/wp-content\/uploads\/2025\/06\/Offnungszeiten_Juni_2025-1400x990.png\" alt=\"\" class=\"wp-image-438\" srcset=\"https:\/\/Rosenthal-Uelsen.de\/wp-content\/uploads\/2025\/06\/Offnungszeiten_Juni_2025-1400x990.png 1400w, https:\/\/Rosenthal-Uelsen.de\/wp-content\/uploads\/2025\/06\/Offnungszeiten_Juni_2025-300x212.png 300w, https:\/\/Rosenthal-Uelsen.de\/wp-content\/uploads\/2025\/06\/Offnungszeiten_Juni_2025-768x543.png 768w, https:\/\/Rosenthal-Uelsen.de\/wp-content\/uploads\/2025\/06\/Offnungszeiten_Juni_2025-1536x1086.png 1536w, https:\/\/Rosenthal-Uelsen.de\/wp-content\/uploads\/2025\/06\/Offnungszeiten_Juni_2025-283x200.png 283w, https:\/\/Rosenthal-Uelsen.de\/wp-content\/uploads\/2025\/06\/Offnungszeiten_Juni_2025.png 2000w\" sizes=\"(max-width: 1400px) 100vw, 1400px\" \/><figcaption class=\"wp-element-caption\"><em>Nach Absprache sind gr\u00f6\u00dfere Feierlichkeiten auch au\u00dferhalb der \u00d6ffnungszeiten m\u00f6glich!<\/em><br><em>Bitte habt Verst\u00e4ndnis, dass wir an ruhigen Abenden ggf. fr\u00fcher schlie\u00dfen. Vielen Dank!<\/em><\/figcaption><\/figure>\n","protected":false},"excerpt":{"rendered":"","protected":false},"author":3,"featured_media":0,"parent":0,"menu_order":0,"comment_status":"closed","ping_status":"closed","template":"","meta":{"footnotes":""},"jetpack_sharing_enabled":true,"_links":{"self":[{"href":"https:\/\/Rosenthal-Uelsen.de\/index.php?rest_route=\/wp\/v2\/pages\/168"}],"collection":[{"href":"https:\/\/Rosenthal-Uelsen.de\/index.php?rest_route=\/wp\/v2\/pages"}],"about":[{"href":"https:\/\/Rosenthal-Uelsen.de\/index.php?rest_route=\/wp\/v2\/types\/page"}],"author":[{"embeddable":true,"href":"https:\/\/Rosenthal-Uelsen.de\/index.php?rest_route=\/wp\/v2\/users\/3"}],"replies":[{"embeddable":true,"href":"https:\/\/Rosenthal-Uelsen.de\/index.php?rest_route=%2Fwp%2Fv2%2Fcomments&post=168"}],"version-history":[{"count":55,"href":"https:\/\/Rosenthal-Uelsen.de\/index.php?rest_route=\/wp\/v2\/pages\/168\/revisions"}],"predecessor-version":[{"id":615,"href":"https:\/\/Rosenthal-Uelsen.de\/index.php?rest_route=\/wp\/v2\/pages\/168\/revisions\/615"}],"wp:attachment":[{"href":"https:\/\/Rosenthal-Uelsen.de\/index.php?rest_route=%2Fwp%2Fv2%2Fmedia&parent=168"}],"curies":[{"name":"wp","href":"https:\/\/api.w.org\/{rel}","templated":true}]}}